{"id":101,"date":"2014-02-25T00:24:42","date_gmt":"2014-02-25T05:24:42","guid":{"rendered":"http:\/\/polarismusicprize.ca\/?page_id=101"},"modified":"2025-10-20T16:51:12","modified_gmt":"2025-10-20T20:51:12","slug":"jury","status":"publish","type":"page","link":"https:\/\/polarismusicprize.ca\/fr\/jury\/","title":{"rendered":"Jury"},"content":{"rendered":"<p>Le c\u0153ur battant des op\u00e9rations du Prix de musique Polaris, le jury Polaris est compos\u00e9 de plus de 200+ expert\u00b7es de la musique provenant de partout au Canada et des territoires autochtones non c\u00e9d\u00e9s.<\/p>\n<p>Les membres du jury sont s\u00e9lectionn\u00e9\u00b7es chaque ann\u00e9e par la pr\u00e9sidence du jury Polaris et l\u2019\u00e9quipe administrative de Polaris. Ce groupe peut inclure, sans s\u2019y limiter, des journalistes, animateur\u00b7rices, blogueurs\u00b7euses, programmateur\u00b7rices, cr\u00e9ateur\u00b7rices de listes d\u2019\u00e9coute, universitaires, podcasteur\u00b7euses, DJ et autres observateur\u00b7rices actif\u00b7ves de la sc\u00e8ne musicale, qui poss\u00e8dent une vaste connaissance de la musique canadienne et une passion pour la d\u00e9couverte de nouvelles \u0153uvres.<\/p>\n<p>L\u2019expertise collective du jury, qui couvre les r\u00e9gions, les genres, les \u00e9poques et les cultures, en fait un groupe unique, capable de saisir le pouls de l\u2019univers musical canadien. Ces jur\u00e9\u00b7es b\u00e9n\u00e9voles discutent et d\u00e9battent de musique canadienne exceptionnelle tout au long de l\u2019ann\u00e9e sur diff\u00e9rentes plateformes Polaris, avec pour objectif commun de rep\u00e9rer et de c\u00e9l\u00e9brer la meilleure musique que le pays a \u00e0 offrir.<\/p>\n<p><strong>Crit\u00e8res de s\u00e9lection<\/strong><\/p>\n<p>Les jur\u00e9\u00b7es \u00e9valuent la musique selon son m\u00e9rite artistique, ce qui comprend la cr\u00e9ativit\u00e9, l\u2019originalit\u00e9 et l\u2019impact global de l\u2019\u0153uvre. L\u2019objectif est d\u2019identifier les projets qui se distinguent par leur valeur artistique, plut\u00f4t que par leur succ\u00e8s commercial. Le \u00ab m\u00e9rite artistique \u00bb est d\u00e9fini individuellement par chaque membre du jury. Parmi les crit\u00e8res que les jur\u00e9\u00b7es peuvent consid\u00e9rer :<\/p>\n<p>la musique comme \u0153uvre compl\u00e8te ;<br \/>\nles th\u00e8mes de l\u2019\u0153uvre ;<br \/>\nla production ;<br \/>\nla performance vocale ;<br \/>\nla performance instrumentale ;<br \/>\nle fait d\u2019\u00eatre ancr\u00e9e dans son \u00e9poque \u2014 ou d\u2019\u00eatre en avance sur son temps.<\/p>\n<p><strong>Processus de vote du jury<\/strong><\/p>\n<p>Tous les membres du jury soumettent un bulletin de vote indiquant leurs 5 albums et chansons pr\u00e9f\u00e9r\u00e9s de l\u2019ann\u00e9e. Les r\u00e9sultats constituent la longue liste du Prix Polaris de l\u2019album et, apr\u00e8s un second tour de vote, la courte liste. Un processus similaire est utilis\u00e9 pour le Prix de la chanson SOCAN Polaris.<\/p>\n<p>Chaque ann\u00e9e, un grand jury de 11 membres est form\u00e9 pour se r\u00e9unir lors du concert et gala Polaris, o\u00f9 il d\u00e9termine les laur\u00e9at\u00b7es du Prix Polaris. Afin d\u2019assurer une impartialit\u00e9 totale, toute personne entretenant une relation financi\u00e8re directe avec un\u00b7e artiste n\u2019est pas admissible \u00e0 devenir membre du jury.<\/p>\n<p><strong>Joindre le jury<\/strong><\/p>\n<p>Si vous participez activement \u00e0 la couverture ou \u00e0 la diffusion de la musique canadienne \u2014 qu\u2019il s\u2019agisse de la presse \u00e9crite, de la radio, de la t\u00e9l\u00e9vision ou du Web \u2014 nous serions ravi\u00b7es d\u2019\u00e9tudier votre candidature. Polaris cherche \u00e0 inclure des jur\u00e9\u00b7es de partout au pays, aux perspectives musicales vari\u00e9es et engag\u00e9\u00b7es envers le m\u00e9rite artistique.<\/p>\n<p>Le formulaire de candidature pour le jury se trouve <a href=\"https:\/\/polarismusicprize.ca\/fr\/formulaire-dapplication-de-jury\/\">ICI<\/a>. Les candidatures sont analys\u00e9es chaque ann\u00e9e entre octobre et d\u00e9cembre.<\/p>\n<p><a class=\"button\" href=\"https:\/\/polarismusicprize.ca\/fr\/connexion\/\">Connexion des jur\u00e9\u00b7es<\/a><\/p>\n","protected":false},"excerpt":{"rendered":"<p>Le c\u0153ur battant des op\u00e9rations du Prix de musique Polaris, le jury Polaris est compos\u00e9 de plus de 200+ expert\u00b7es de la musique provenant de partout au Canada et des territoires autochtones non c\u00e9d\u00e9s. Les membres du jury sont s\u00e9lectionn\u00e9\u00b7es chaque ann\u00e9e par la pr\u00e9sidence du jury Polaris et l\u2019\u00e9quipe administrative de Polaris. Ce groupe [&hellip;]<\/p>\n","protected":false},"author":1,"featured_media":0,"parent":0,"menu_order":43,"comment_status":"closed","ping_status":"closed","template":"jury.php","meta":{"_acf_changed":false,"_monsterinsights_skip_tracking":false,"_monsterinsights_sitenote_active":false,"_monsterinsights_sitenote_note":"","_monsterinsights_sitenote_category":0,"footnotes":""},"class_list":["post-101","page","type-page","status-publish","hentry"],"acf":[],"yoast_head":"<title>Jury - Polaris Music Prize<\/title>\n<meta name=\"description\" content=\"A not-for-profit organization that honours, celebrates and rewards creativity and diversity in Canadian recorded music. Polaris recognizes and markets albums of the highest artistic integrity, without regard to musical genre, professional affiliation, or sales history.\" \/>\n<meta name=\"robots\" content=\"index, follow, max-snippet:-1, max-image-preview:large, max-video-preview:-1\" \/>\n<link rel=\"canonical\" href=\"https:\/\/polarismusicprize.ca\/fr\/jury\/\" \/>\n<meta property=\"og:locale\" content=\"fr_FR\" \/>\n<meta property=\"og:type\" content=\"article\" \/>\n<meta property=\"og:title\" content=\"Jury - Polaris Music Prize\" \/>\n<meta property=\"og:description\" content=\"A not-for-profit organization that honours, celebrates and rewards creativity and diversity in Canadian recorded music. Polaris recognizes and markets albums of the highest artistic integrity, without regard to musical genre, professional affiliation, or sales history.\" \/>\n<meta property=\"og:url\" content=\"https:\/\/polarismusicprize.ca\/fr\/jury\/\" \/>\n<meta property=\"og:site_name\" content=\"Polaris Music Prize\" \/>\n<meta property=\"article:publisher\" content=\"https:\/\/www.facebook.com\/polarismusicprize\" \/>\n<meta property=\"article:modified_time\" content=\"2025-10-20T20:51:12+00:00\" \/>\n<meta property=\"og:image\" content=\"https:\/\/polarismusicprize.ca\/wp-content\/uploads\/2024\/02\/2024-key-date-video-thumbnail-screencap-full-scaled.jpg\" \/>\n\t<meta property=\"og:image:width\" content=\"2560\" \/>\n\t<meta property=\"og:image:height\" content=\"1389\" \/>\n\t<meta property=\"og:image:type\" content=\"image\/jpeg\" \/>\n<meta name=\"twitter:card\" content=\"summary_large_image\" \/>\n<meta name=\"twitter:site\" content=\"@PolarisPrize\" \/>\n<meta name=\"twitter:label1\" content=\"Dur\u00e9e de lecture estim\u00e9e\" \/>\n\t<meta name=\"twitter:data1\" content=\"2 minutes\" \/>\n<script type=\"application\/ld+json\" class=\"yoast-schema-graph\">{\"@context\":\"https:\\\/\\\/schema.org\",\"@graph\":[{\"@type\":\"WebPage\",\"@id\":\"https:\\\/\\\/polarismusicprize.ca\\\/fr\\\/jury\\\/\",\"url\":\"https:\\\/\\\/polarismusicprize.ca\\\/fr\\\/jury\\\/\",\"name\":\"Jury - Polaris Music Prize\",\"isPartOf\":{\"@id\":\"https:\\\/\\\/polarismusicprize.ca\\\/#website\"},\"datePublished\":\"2014-02-25T05:24:42+00:00\",\"dateModified\":\"2025-10-20T20:51:12+00:00\",\"description\":\"A not-for-profit organization that honours, celebrates and rewards creativity and diversity in Canadian recorded music. Polaris recognizes and markets albums of the highest artistic integrity, without regard to musical genre, professional affiliation, or sales history.\",\"breadcrumb\":{\"@id\":\"https:\\\/\\\/polarismusicprize.ca\\\/fr\\\/jury\\\/#breadcrumb\"},\"inLanguage\":\"fr-FR\",\"potentialAction\":[{\"@type\":\"ReadAction\",\"target\":[\"https:\\\/\\\/polarismusicprize.ca\\\/fr\\\/jury\\\/\"]}]},{\"@type\":\"BreadcrumbList\",\"@id\":\"https:\\\/\\\/polarismusicprize.ca\\\/fr\\\/jury\\\/#breadcrumb\",\"itemListElement\":[{\"@type\":\"ListItem\",\"position\":1,\"name\":\"Home\",\"item\":\"https:\\\/\\\/polarismusicprize.ca\\\/fr\\\/\"},{\"@type\":\"ListItem\",\"position\":2,\"name\":\"Jury\"}]},{\"@type\":\"WebSite\",\"@id\":\"https:\\\/\\\/polarismusicprize.ca\\\/#website\",\"url\":\"https:\\\/\\\/polarismusicprize.ca\\\/\",\"name\":\"Polaris Music Prize\",\"description\":\"Discover, Discuss, Award: Celebrating Canadian Musical Artistry\",\"publisher\":{\"@id\":\"https:\\\/\\\/polarismusicprize.ca\\\/#organization\"},\"potentialAction\":[{\"@type\":\"SearchAction\",\"target\":{\"@type\":\"EntryPoint\",\"urlTemplate\":\"https:\\\/\\\/polarismusicprize.ca\\\/?s={search_term_string}\"},\"query-input\":{\"@type\":\"PropertyValueSpecification\",\"valueRequired\":true,\"valueName\":\"search_term_string\"}}],\"inLanguage\":\"fr-FR\"},{\"@type\":\"Organization\",\"@id\":\"https:\\\/\\\/polarismusicprize.ca\\\/#organization\",\"name\":\"Polaris Music Prize\",\"url\":\"https:\\\/\\\/polarismusicprize.ca\\\/\",\"logo\":{\"@type\":\"ImageObject\",\"inLanguage\":\"fr-FR\",\"@id\":\"https:\\\/\\\/polarismusicprize.ca\\\/#\\\/schema\\\/logo\\\/image\\\/\",\"url\":\"https:\\\/\\\/polarismusicprize.ca\\\/wp-content\\\/uploads\\\/2014\\\/04\\\/logo-en.jpg\",\"contentUrl\":\"https:\\\/\\\/polarismusicprize.ca\\\/wp-content\\\/uploads\\\/2014\\\/04\\\/logo-en.jpg\",\"width\":750,\"height\":750,\"caption\":\"Polaris Music Prize\"},\"image\":{\"@id\":\"https:\\\/\\\/polarismusicprize.ca\\\/#\\\/schema\\\/logo\\\/image\\\/\"},\"sameAs\":[\"https:\\\/\\\/www.facebook.com\\\/polarismusicprize\",\"https:\\\/\\\/x.com\\\/PolarisPrize\"]}]}<\/script>","yoast_head_json":{"title":"Jury - Polaris Music Prize","description":"A not-for-profit organization that honours, celebrates and rewards creativity and diversity in Canadian recorded music. Polaris recognizes and markets albums of the highest artistic integrity, without regard to musical genre, professional affiliation, or sales history.","robots":{"index":"index","follow":"follow","max-snippet":"max-snippet:-1","max-image-preview":"max-image-preview:large","max-video-preview":"max-video-preview:-1"},"canonical":"https:\/\/polarismusicprize.ca\/fr\/jury\/","og_locale":"fr_FR","og_type":"article","og_title":"Jury - Polaris Music Prize","og_description":"A not-for-profit organization that honours, celebrates and rewards creativity and diversity in Canadian recorded music. Polaris recognizes and markets albums of the highest artistic integrity, without regard to musical genre, professional affiliation, or sales history.","og_url":"https:\/\/polarismusicprize.ca\/fr\/jury\/","og_site_name":"Polaris Music Prize","article_publisher":"https:\/\/www.facebook.com\/polarismusicprize","article_modified_time":"2025-10-20T20:51:12+00:00","og_image":[{"width":2560,"height":1389,"url":"https:\/\/polarismusicprize.ca\/wp-content\/uploads\/2024\/02\/2024-key-date-video-thumbnail-screencap-full-scaled.jpg","type":"image\/jpeg"}],"twitter_card":"summary_large_image","twitter_site":"@PolarisPrize","twitter_misc":{"Dur\u00e9e de lecture estim\u00e9e":"2 minutes"},"schema":{"@context":"https:\/\/schema.org","@graph":[{"@type":"WebPage","@id":"https:\/\/polarismusicprize.ca\/fr\/jury\/","url":"https:\/\/polarismusicprize.ca\/fr\/jury\/","name":"Jury - Polaris Music Prize","isPartOf":{"@id":"https:\/\/polarismusicprize.ca\/#website"},"datePublished":"2014-02-25T05:24:42+00:00","dateModified":"2025-10-20T20:51:12+00:00","description":"A not-for-profit organization that honours, celebrates and rewards creativity and diversity in Canadian recorded music. Polaris recognizes and markets albums of the highest artistic integrity, without regard to musical genre, professional affiliation, or sales history.","breadcrumb":{"@id":"https:\/\/polarismusicprize.ca\/fr\/jury\/#breadcrumb"},"inLanguage":"fr-FR","potentialAction":[{"@type":"ReadAction","target":["https:\/\/polarismusicprize.ca\/fr\/jury\/"]}]},{"@type":"BreadcrumbList","@id":"https:\/\/polarismusicprize.ca\/fr\/jury\/#breadcrumb","itemListElement":[{"@type":"ListItem","position":1,"name":"Home","item":"https:\/\/polarismusicprize.ca\/fr\/"},{"@type":"ListItem","position":2,"name":"Jury"}]},{"@type":"WebSite","@id":"https:\/\/polarismusicprize.ca\/#website","url":"https:\/\/polarismusicprize.ca\/","name":"Polaris Music Prize","description":"Discover, Discuss, Award: Celebrating Canadian Musical Artistry","publisher":{"@id":"https:\/\/polarismusicprize.ca\/#organization"},"potentialAction":[{"@type":"SearchAction","target":{"@type":"EntryPoint","urlTemplate":"https:\/\/polarismusicprize.ca\/?s={search_term_string}"},"query-input":{"@type":"PropertyValueSpecification","valueRequired":true,"valueName":"search_term_string"}}],"inLanguage":"fr-FR"},{"@type":"Organization","@id":"https:\/\/polarismusicprize.ca\/#organization","name":"Polaris Music Prize","url":"https:\/\/polarismusicprize.ca\/","logo":{"@type":"ImageObject","inLanguage":"fr-FR","@id":"https:\/\/polarismusicprize.ca\/#\/schema\/logo\/image\/","url":"https:\/\/polarismusicprize.ca\/wp-content\/uploads\/2014\/04\/logo-en.jpg","contentUrl":"https:\/\/polarismusicprize.ca\/wp-content\/uploads\/2014\/04\/logo-en.jpg","width":750,"height":750,"caption":"Polaris Music Prize"},"image":{"@id":"https:\/\/polarismusicprize.ca\/#\/schema\/logo\/image\/"},"sameAs":["https:\/\/www.facebook.com\/polarismusicprize","https:\/\/x.com\/PolarisPrize"]}]}},"_links":{"self":[{"href":"https:\/\/polarismusicprize.ca\/fr\/wp-json\/wp\/v2\/pages\/101","targetHints":{"allow":["GET"]}}],"collection":[{"href":"https:\/\/polarismusicprize.ca\/fr\/wp-json\/wp\/v2\/pages"}],"about":[{"href":"https:\/\/polarismusicprize.ca\/fr\/wp-json\/wp\/v2\/types\/page"}],"author":[{"embeddable":true,"href":"https:\/\/polarismusicprize.ca\/fr\/wp-json\/wp\/v2\/users\/1"}],"replies":[{"embeddable":true,"href":"https:\/\/polarismusicprize.ca\/fr\/wp-json\/wp\/v2\/comments?post=101"}],"version-history":[{"count":0,"href":"https:\/\/polarismusicprize.ca\/fr\/wp-json\/wp\/v2\/pages\/101\/revisions"}],"wp:attachment":[{"href":"https:\/\/polarismusicprize.ca\/fr\/wp-json\/wp\/v2\/media?parent=101"}],"curies":[{"name":"wp","href":"https:\/\/api.w.org\/{rel}","templated":true}]}}