{"id":15126,"date":"2016-06-22T17:30:07","date_gmt":"2016-06-22T21:30:07","guid":{"rendered":"http:\/\/polarismusicprize.ca\/fr\/?page_id=15126"},"modified":"2024-09-03T21:32:13","modified_gmt":"2024-09-04T01:32:13","slug":"affiches","status":"publish","type":"page","link":"https:\/\/polarismusicprize.ca\/fr\/affiches\/","title":{"rendered":"Affiches"},"content":{"rendered":"<p>Chaque ann\u00e9e, dix artistes du Canada se voient confier la cr\u00e9ation d\u2019une \u0153uvre d\u2019art visuel unique inspir\u00e9e d\u2019un album de la courte liste. La courte liste r\u00e9v\u00e8le les 10 albums finalistes qui seront pris en compte pour le Prix Polaris de l&rsquo;ann\u00e9e.<\/p>\n<p>Depuis 2006, plus de 190\u00a0\u0153uvres originales ont \u00e9t\u00e9 command\u00e9es dans le cadre de ce programme. Plusieurs d\u2019entre elles ont remport\u00e9 des prix de design d\u00e9cern\u00e9s par des organismes tels que la Society of Illustrators et Communication Arts Annual. Une s\u00e9lection de nos archives a \u00e9t\u00e9 expos\u00e9e au Centre national des arts, au Conseil des arts du Canada et au London Museum, en plus d\u2019\u00eatre pr\u00e9sent\u00e9e dans le cadre du projet d\u2019histoire de la musique num\u00e9rique Sounds Like Toronto de Heritage Toronto. Nos affiches sont \u00e9galement bien mises en valeur dans les bureaux des principales institutions culturelles et musicales.<\/p>\n<p>Le Polaris continue d\u2019organiser des pr\u00e9sentations th\u00e9matiques \u00e0 partir de ses vastes archives d\u2019affiches, afin de mettre en \u00e9vidence la richesse de l\u2019excellence artistique canadienne dans les domaines de la musique et des arts visuels.<\/p>\n<p>Toutes les ventes d\u2019affiches contribuent \u00e0 soutenir le Prix de musique Polaris.<\/p>\n","protected":false},"excerpt":{"rendered":"<p>Chaque ann\u00e9e, dix artistes du Canada se voient confier la cr\u00e9ation d\u2019une \u0153uvre d\u2019art visuel unique inspir\u00e9e d\u2019un album de la longue liste. Pr\u00e9sentant de nouvelles interpr\u00e9tations vivantes des musiques en nomination, leurs r\u00e9alisations sont ensuite d\u00e9velopp\u00e9es en s\u00e9rigraphies \u00e0 tirage limit\u00e9.<\/p>\n","protected":false},"author":1,"featured_media":0,"parent":0,"menu_order":0,"comment_status":"closed","ping_status":"closed","template":"posters.php","meta":{"_acf_changed":false,"_monsterinsights_skip_tracking":false,"_monsterinsights_sitenote_active":false,"_monsterinsights_sitenote_note":"","_monsterinsights_sitenote_category":0,"footnotes":""},"class_list":["post-15126","page","type-page","status-publish","hentry"],"acf":[],"yoast_head":"<title>Affiches - Polaris Music Prize<\/title>\n<meta name=\"description\" content=\"A not-for-profit organization that honours, celebrates and rewards creativity and diversity in Canadian recorded music. Polaris recognizes and markets albums of the highest artistic integrity, without regard to musical genre, professional affiliation, or sales history.\" \/>\n<meta name=\"robots\" content=\"index, follow, max-snippet:-1, max-image-preview:large, max-video-preview:-1\" \/>\n<link rel=\"canonical\" href=\"https:\/\/polarismusicprize.ca\/fr\/affiches\/\" \/>\n<meta property=\"og:locale\" content=\"fr_FR\" \/>\n<meta property=\"og:type\" content=\"article\" \/>\n<meta property=\"og:title\" content=\"Affiches - Polaris Music Prize\" \/>\n<meta property=\"og:description\" content=\"A not-for-profit organization that honours, celebrates and rewards creativity and diversity in Canadian recorded music. Polaris recognizes and markets albums of the highest artistic integrity, without regard to musical genre, professional affiliation, or sales history.\" \/>\n<meta property=\"og:url\" content=\"https:\/\/polarismusicprize.ca\/fr\/affiches\/\" \/>\n<meta property=\"og:site_name\" content=\"Polaris Music Prize\" \/>\n<meta property=\"article:publisher\" content=\"https:\/\/www.facebook.com\/polarismusicprize\" \/>\n<meta property=\"article:modified_time\" content=\"2024-09-04T01:32:13+00:00\" \/>\n<meta property=\"og:image\" content=\"https:\/\/polarismusicprize.ca\/wp-content\/uploads\/2024\/02\/2024-key-date-video-thumbnail-screencap-full-scaled.jpg\" \/>\n\t<meta property=\"og:image:width\" content=\"2560\" \/>\n\t<meta property=\"og:image:height\" content=\"1389\" \/>\n\t<meta property=\"og:image:type\" content=\"image\/jpeg\" \/>\n<meta name=\"twitter:card\" content=\"summary_large_image\" \/>\n<meta name=\"twitter:site\" content=\"@PolarisPrize\" \/>\n<meta name=\"twitter:label1\" content=\"Dur\u00e9e de lecture estim\u00e9e\" \/>\n\t<meta name=\"twitter:data1\" content=\"1 minute\" \/>\n<script type=\"application\/ld+json\" class=\"yoast-schema-graph\">{\"@context\":\"https:\\\/\\\/schema.org\",\"@graph\":[{\"@type\":\"WebPage\",\"@id\":\"https:\\\/\\\/polarismusicprize.ca\\\/fr\\\/affiches\\\/\",\"url\":\"https:\\\/\\\/polarismusicprize.ca\\\/fr\\\/affiches\\\/\",\"name\":\"Affiches - Polaris Music Prize\",\"isPartOf\":{\"@id\":\"https:\\\/\\\/polarismusicprize.ca\\\/#website\"},\"datePublished\":\"2016-06-22T21:30:07+00:00\",\"dateModified\":\"2024-09-04T01:32:13+00:00\",\"description\":\"A not-for-profit organization that honours, celebrates and rewards creativity and diversity in Canadian recorded music. Polaris recognizes and markets albums of the highest artistic integrity, without regard to musical genre, professional affiliation, or sales history.\",\"breadcrumb\":{\"@id\":\"https:\\\/\\\/polarismusicprize.ca\\\/fr\\\/affiches\\\/#breadcrumb\"},\"inLanguage\":\"fr-FR\",\"potentialAction\":[{\"@type\":\"ReadAction\",\"target\":[\"https:\\\/\\\/polarismusicprize.ca\\\/fr\\\/affiches\\\/\"]}]},{\"@type\":\"BreadcrumbList\",\"@id\":\"https:\\\/\\\/polarismusicprize.ca\\\/fr\\\/affiches\\\/#breadcrumb\",\"itemListElement\":[{\"@type\":\"ListItem\",\"position\":1,\"name\":\"Home\",\"item\":\"https:\\\/\\\/polarismusicprize.ca\\\/fr\\\/\"},{\"@type\":\"ListItem\",\"position\":2,\"name\":\"Affiches\"}]},{\"@type\":\"WebSite\",\"@id\":\"https:\\\/\\\/polarismusicprize.ca\\\/#website\",\"url\":\"https:\\\/\\\/polarismusicprize.ca\\\/\",\"name\":\"Polaris Music Prize\",\"description\":\"Discover, Discuss, Award: Celebrating Canadian Musical Artistry\",\"publisher\":{\"@id\":\"https:\\\/\\\/polarismusicprize.ca\\\/#organization\"},\"potentialAction\":[{\"@type\":\"SearchAction\",\"target\":{\"@type\":\"EntryPoint\",\"urlTemplate\":\"https:\\\/\\\/polarismusicprize.ca\\\/?s={search_term_string}\"},\"query-input\":{\"@type\":\"PropertyValueSpecification\",\"valueRequired\":true,\"valueName\":\"search_term_string\"}}],\"inLanguage\":\"fr-FR\"},{\"@type\":\"Organization\",\"@id\":\"https:\\\/\\\/polarismusicprize.ca\\\/#organization\",\"name\":\"Polaris Music Prize\",\"url\":\"https:\\\/\\\/polarismusicprize.ca\\\/\",\"logo\":{\"@type\":\"ImageObject\",\"inLanguage\":\"fr-FR\",\"@id\":\"https:\\\/\\\/polarismusicprize.ca\\\/#\\\/schema\\\/logo\\\/image\\\/\",\"url\":\"https:\\\/\\\/polarismusicprize.ca\\\/wp-content\\\/uploads\\\/2014\\\/04\\\/logo-en.jpg\",\"contentUrl\":\"https:\\\/\\\/polarismusicprize.ca\\\/wp-content\\\/uploads\\\/2014\\\/04\\\/logo-en.jpg\",\"width\":750,\"height\":750,\"caption\":\"Polaris Music Prize\"},\"image\":{\"@id\":\"https:\\\/\\\/polarismusicprize.ca\\\/#\\\/schema\\\/logo\\\/image\\\/\"},\"sameAs\":[\"https:\\\/\\\/www.facebook.com\\\/polarismusicprize\",\"https:\\\/\\\/x.com\\\/PolarisPrize\"]}]}<\/script>","yoast_head_json":{"title":"Affiches - Polaris Music Prize","description":"A not-for-profit organization that honours, celebrates and rewards creativity and diversity in Canadian recorded music. Polaris recognizes and markets albums of the highest artistic integrity, without regard to musical genre, professional affiliation, or sales history.","robots":{"index":"index","follow":"follow","max-snippet":"max-snippet:-1","max-image-preview":"max-image-preview:large","max-video-preview":"max-video-preview:-1"},"canonical":"https:\/\/polarismusicprize.ca\/fr\/affiches\/","og_locale":"fr_FR","og_type":"article","og_title":"Affiches - Polaris Music Prize","og_description":"A not-for-profit organization that honours, celebrates and rewards creativity and diversity in Canadian recorded music. Polaris recognizes and markets albums of the highest artistic integrity, without regard to musical genre, professional affiliation, or sales history.","og_url":"https:\/\/polarismusicprize.ca\/fr\/affiches\/","og_site_name":"Polaris Music Prize","article_publisher":"https:\/\/www.facebook.com\/polarismusicprize","article_modified_time":"2024-09-04T01:32:13+00:00","og_image":[{"width":2560,"height":1389,"url":"https:\/\/polarismusicprize.ca\/wp-content\/uploads\/2024\/02\/2024-key-date-video-thumbnail-screencap-full-scaled.jpg","type":"image\/jpeg"}],"twitter_card":"summary_large_image","twitter_site":"@PolarisPrize","twitter_misc":{"Dur\u00e9e de lecture estim\u00e9e":"1 minute"},"schema":{"@context":"https:\/\/schema.org","@graph":[{"@type":"WebPage","@id":"https:\/\/polarismusicprize.ca\/fr\/affiches\/","url":"https:\/\/polarismusicprize.ca\/fr\/affiches\/","name":"Affiches - Polaris Music Prize","isPartOf":{"@id":"https:\/\/polarismusicprize.ca\/#website"},"datePublished":"2016-06-22T21:30:07+00:00","dateModified":"2024-09-04T01:32:13+00:00","description":"A not-for-profit organization that honours, celebrates and rewards creativity and diversity in Canadian recorded music. Polaris recognizes and markets albums of the highest artistic integrity, without regard to musical genre, professional affiliation, or sales history.","breadcrumb":{"@id":"https:\/\/polarismusicprize.ca\/fr\/affiches\/#breadcrumb"},"inLanguage":"fr-FR","potentialAction":[{"@type":"ReadAction","target":["https:\/\/polarismusicprize.ca\/fr\/affiches\/"]}]},{"@type":"BreadcrumbList","@id":"https:\/\/polarismusicprize.ca\/fr\/affiches\/#breadcrumb","itemListElement":[{"@type":"ListItem","position":1,"name":"Home","item":"https:\/\/polarismusicprize.ca\/fr\/"},{"@type":"ListItem","position":2,"name":"Affiches"}]},{"@type":"WebSite","@id":"https:\/\/polarismusicprize.ca\/#website","url":"https:\/\/polarismusicprize.ca\/","name":"Polaris Music Prize","description":"Discover, Discuss, Award: Celebrating Canadian Musical Artistry","publisher":{"@id":"https:\/\/polarismusicprize.ca\/#organization"},"potentialAction":[{"@type":"SearchAction","target":{"@type":"EntryPoint","urlTemplate":"https:\/\/polarismusicprize.ca\/?s={search_term_string}"},"query-input":{"@type":"PropertyValueSpecification","valueRequired":true,"valueName":"search_term_string"}}],"inLanguage":"fr-FR"},{"@type":"Organization","@id":"https:\/\/polarismusicprize.ca\/#organization","name":"Polaris Music Prize","url":"https:\/\/polarismusicprize.ca\/","logo":{"@type":"ImageObject","inLanguage":"fr-FR","@id":"https:\/\/polarismusicprize.ca\/#\/schema\/logo\/image\/","url":"https:\/\/polarismusicprize.ca\/wp-content\/uploads\/2014\/04\/logo-en.jpg","contentUrl":"https:\/\/polarismusicprize.ca\/wp-content\/uploads\/2014\/04\/logo-en.jpg","width":750,"height":750,"caption":"Polaris Music Prize"},"image":{"@id":"https:\/\/polarismusicprize.ca\/#\/schema\/logo\/image\/"},"sameAs":["https:\/\/www.facebook.com\/polarismusicprize","https:\/\/x.com\/PolarisPrize"]}]}},"_links":{"self":[{"href":"https:\/\/polarismusicprize.ca\/fr\/wp-json\/wp\/v2\/pages\/15126","targetHints":{"allow":["GET"]}}],"collection":[{"href":"https:\/\/polarismusicprize.ca\/fr\/wp-json\/wp\/v2\/pages"}],"about":[{"href":"https:\/\/polarismusicprize.ca\/fr\/wp-json\/wp\/v2\/types\/page"}],"author":[{"embeddable":true,"href":"https:\/\/polarismusicprize.ca\/fr\/wp-json\/wp\/v2\/users\/1"}],"replies":[{"embeddable":true,"href":"https:\/\/polarismusicprize.ca\/fr\/wp-json\/wp\/v2\/comments?post=15126"}],"version-history":[{"count":0,"href":"https:\/\/polarismusicprize.ca\/fr\/wp-json\/wp\/v2\/pages\/15126\/revisions"}],"wp:attachment":[{"href":"https:\/\/polarismusicprize.ca\/fr\/wp-json\/wp\/v2\/media?parent=15126"}],"curies":[{"name":"wp","href":"https:\/\/api.w.org\/{rel}","templated":true}]}}