{"id":28350,"date":"2019-02-18T17:58:52","date_gmt":"2019-02-18T22:58:52","guid":{"rendered":"http:\/\/polarismusicprize.ca\/?page_id=28350"},"modified":"2026-03-18T22:30:55","modified_gmt":"2026-03-19T02:30:55","slug":"longue-liste","status":"publish","type":"page","link":"https:\/\/polarismusicprize.ca\/fr\/longue-liste\/","title":{"rendered":"Longue Liste des albums Polaris pour 2026"},"content":{"rendered":"<p><img loading=\"lazy\" decoding=\"async\" class=\"alignnone size-large wp-image-79759\" src=\"https:\/\/polarismusicprize.ca\/wp-content\/uploads\/2026\/03\/Polaris-Album-Long-List-Logo-FR-BLK-1024x249.png\" alt=\"\" width=\"860\" height=\"209\" srcset=\"https:\/\/polarismusicprize.ca\/wp-content\/uploads\/2026\/03\/Polaris-Album-Long-List-Logo-FR-BLK-1024x249.png 1024w, https:\/\/polarismusicprize.ca\/wp-content\/uploads\/2026\/03\/Polaris-Album-Long-List-Logo-FR-BLK-300x73.png 300w, https:\/\/polarismusicprize.ca\/wp-content\/uploads\/2026\/03\/Polaris-Album-Long-List-Logo-FR-BLK.png 1200w\" sizes=\"auto, (max-width: 860px) 100vw, 860px\" \/><\/p>\n<p>La longue liste du Prix de l\u2019album Polaris d\u00e9voile les 40 albums en nomination pour le Prix de cette ann\u00e9e.<\/p>\n<p>Choisie par un jury ind\u00e9pendant compos\u00e9 de plus de 200 critiques, commissaires et diffuseurs musicaux provenant de partout au Canada, la longue liste offre un premier aper\u00e7u des albums qui marqueront la saison Polaris 2026. Abonnez-vous \u00e0 l\u2019infolettre Polaris pour recevoir les nominations dans votre bo\u00eete de r\u00e9ception lorsque la longue liste 2026 sera annonc\u00e9e le 11 juin 2026.<\/p>\n<p>Polaris remet un prix en argent de 30 000 $ \u00e0 l\u2019artiste ayant cr\u00e9\u00e9 l\u2019album canadien de l\u2019ann\u00e9e, gracieuset\u00e9 de la Fondation de la famille Slaight.<\/p>\n<p><a href=\"https:\/\/polarismusicprize.ca\/fr\/nommes\/\">Consultez tous les anciens laur\u00e9ats et finalistes en cliquant ici<\/a>.<\/p>\n<p><em>CBC pr\u00e9sente le Prix de musique Polaris 2026. La longue liste de cette ann\u00e9e est pr\u00e9sent\u00e9e par le Conseil des arts du Canada. Ce projet est financ\u00e9 en partie par FACTOR, le gouvernement du Canada et les radiodiffuseurs priv\u00e9s du Canada. Il b\u00e9n\u00e9ficie \u00e9galement du soutien de SiriusXM Canada, Ontario Creates, du gouvernement de l\u2019Ontario, du Fonds pour les attractions culturelles de l\u2019Ontario et de la Fondation de la famille Slaight.<\/em><\/p>\n","protected":false},"excerpt":{"rendered":"<p>La longue liste du Prix de l\u2019album Polaris d\u00e9voile les 40 albums en nomination pour le Prix de cette ann\u00e9e. Choisie par un jury ind\u00e9pendant compos\u00e9 de plus de 200 critiques, commissaires et diffuseurs musicaux provenant de partout au Canada, la longue liste offre un premier aper\u00e7u des albums qui marqueront la saison Polaris 2026. [&hellip;]<\/p>\n","protected":false},"author":1,"featured_media":0,"parent":0,"menu_order":0,"comment_status":"closed","ping_status":"closed","template":"","meta":{"_acf_changed":false,"_monsterinsights_skip_tracking":false,"_monsterinsights_sitenote_active":false,"_monsterinsights_sitenote_note":"","_monsterinsights_sitenote_category":0,"footnotes":""},"class_list":["post-28350","page","type-page","status-publish","hentry"],"acf":[],"yoast_head":"<title>Longue Liste des albums Polaris pour 2026 - Polaris Music Prize<\/title>\n<meta name=\"description\" content=\"A not-for-profit organization that honours, celebrates and rewards creativity and diversity in Canadian recorded music. Polaris recognizes and markets albums of the highest artistic integrity, without regard to musical genre, professional affiliation, or sales history.\" \/>\n<meta name=\"robots\" content=\"index, follow, max-snippet:-1, max-image-preview:large, max-video-preview:-1\" \/>\n<link rel=\"canonical\" href=\"https:\/\/polarismusicprize.ca\/fr\/longue-liste\/\" \/>\n<meta property=\"og:locale\" content=\"fr_FR\" \/>\n<meta property=\"og:type\" content=\"article\" \/>\n<meta property=\"og:title\" content=\"Longue Liste des albums Polaris pour 2026 - Polaris Music Prize\" \/>\n<meta property=\"og:description\" content=\"A not-for-profit organization that honours, celebrates and rewards creativity and diversity in Canadian recorded music. Polaris recognizes and markets albums of the highest artistic integrity, without regard to musical genre, professional affiliation, or sales history.\" \/>\n<meta property=\"og:url\" content=\"https:\/\/polarismusicprize.ca\/fr\/longue-liste\/\" \/>\n<meta property=\"og:site_name\" content=\"Polaris Music Prize\" \/>\n<meta property=\"article:publisher\" content=\"https:\/\/www.facebook.com\/polarismusicprize\" \/>\n<meta property=\"article:modified_time\" content=\"2026-03-19T02:30:55+00:00\" \/>\n<meta property=\"og:image\" content=\"https:\/\/polarismusicprize.ca\/wp-content\/uploads\/2026\/03\/Polaris-Album-Long-List-Logo-FR-BLK.png\" \/>\n\t<meta property=\"og:image:width\" content=\"1200\" \/>\n\t<meta property=\"og:image:height\" content=\"292\" \/>\n\t<meta property=\"og:image:type\" content=\"image\/png\" \/>\n<meta name=\"twitter:card\" content=\"summary_large_image\" \/>\n<meta name=\"twitter:site\" content=\"@PolarisPrize\" \/>\n<meta name=\"twitter:label1\" content=\"Dur\u00e9e de lecture estim\u00e9e\" \/>\n\t<meta name=\"twitter:data1\" content=\"1 minute\" \/>\n<script type=\"application\/ld+json\" class=\"yoast-schema-graph\">{\"@context\":\"https:\\\/\\\/schema.org\",\"@graph\":[{\"@type\":\"WebPage\",\"@id\":\"https:\\\/\\\/polarismusicprize.ca\\\/fr\\\/longue-liste\\\/\",\"url\":\"https:\\\/\\\/polarismusicprize.ca\\\/fr\\\/longue-liste\\\/\",\"name\":\"Longue Liste des albums Polaris pour 2026 - Polaris Music Prize\",\"isPartOf\":{\"@id\":\"https:\\\/\\\/polarismusicprize.ca\\\/#website\"},\"primaryImageOfPage\":{\"@id\":\"https:\\\/\\\/polarismusicprize.ca\\\/fr\\\/longue-liste\\\/#primaryimage\"},\"image\":{\"@id\":\"https:\\\/\\\/polarismusicprize.ca\\\/fr\\\/longue-liste\\\/#primaryimage\"},\"thumbnailUrl\":\"https:\\\/\\\/polarismusicprize.ca\\\/wp-content\\\/uploads\\\/2026\\\/03\\\/Polaris-Album-Long-List-Logo-FR-BLK-1024x249.png\",\"datePublished\":\"2019-02-18T22:58:52+00:00\",\"dateModified\":\"2026-03-19T02:30:55+00:00\",\"description\":\"A not-for-profit organization that honours, celebrates and rewards creativity and diversity in Canadian recorded music. Polaris recognizes and markets albums of the highest artistic integrity, without regard to musical genre, professional affiliation, or sales history.\",\"breadcrumb\":{\"@id\":\"https:\\\/\\\/polarismusicprize.ca\\\/fr\\\/longue-liste\\\/#breadcrumb\"},\"inLanguage\":\"fr-FR\",\"potentialAction\":[{\"@type\":\"ReadAction\",\"target\":[\"https:\\\/\\\/polarismusicprize.ca\\\/fr\\\/longue-liste\\\/\"]}]},{\"@type\":\"ImageObject\",\"inLanguage\":\"fr-FR\",\"@id\":\"https:\\\/\\\/polarismusicprize.ca\\\/fr\\\/longue-liste\\\/#primaryimage\",\"url\":\"https:\\\/\\\/polarismusicprize.ca\\\/wp-content\\\/uploads\\\/2026\\\/03\\\/Polaris-Album-Long-List-Logo-FR-BLK-1024x249.png\",\"contentUrl\":\"https:\\\/\\\/polarismusicprize.ca\\\/wp-content\\\/uploads\\\/2026\\\/03\\\/Polaris-Album-Long-List-Logo-FR-BLK-1024x249.png\"},{\"@type\":\"BreadcrumbList\",\"@id\":\"https:\\\/\\\/polarismusicprize.ca\\\/fr\\\/longue-liste\\\/#breadcrumb\",\"itemListElement\":[{\"@type\":\"ListItem\",\"position\":1,\"name\":\"Home\",\"item\":\"https:\\\/\\\/polarismusicprize.ca\\\/fr\\\/\"},{\"@type\":\"ListItem\",\"position\":2,\"name\":\"Longue Liste des albums Polaris pour 2026\"}]},{\"@type\":\"WebSite\",\"@id\":\"https:\\\/\\\/polarismusicprize.ca\\\/#website\",\"url\":\"https:\\\/\\\/polarismusicprize.ca\\\/\",\"name\":\"Polaris Music Prize\",\"description\":\"Discover, Discuss, Award: Celebrating Canadian Musical Artistry\",\"publisher\":{\"@id\":\"https:\\\/\\\/polarismusicprize.ca\\\/#organization\"},\"potentialAction\":[{\"@type\":\"SearchAction\",\"target\":{\"@type\":\"EntryPoint\",\"urlTemplate\":\"https:\\\/\\\/polarismusicprize.ca\\\/?s={search_term_string}\"},\"query-input\":{\"@type\":\"PropertyValueSpecification\",\"valueRequired\":true,\"valueName\":\"search_term_string\"}}],\"inLanguage\":\"fr-FR\"},{\"@type\":\"Organization\",\"@id\":\"https:\\\/\\\/polarismusicprize.ca\\\/#organization\",\"name\":\"Polaris Music Prize\",\"url\":\"https:\\\/\\\/polarismusicprize.ca\\\/\",\"logo\":{\"@type\":\"ImageObject\",\"inLanguage\":\"fr-FR\",\"@id\":\"https:\\\/\\\/polarismusicprize.ca\\\/#\\\/schema\\\/logo\\\/image\\\/\",\"url\":\"https:\\\/\\\/polarismusicprize.ca\\\/wp-content\\\/uploads\\\/2014\\\/04\\\/logo-en.jpg\",\"contentUrl\":\"https:\\\/\\\/polarismusicprize.ca\\\/wp-content\\\/uploads\\\/2014\\\/04\\\/logo-en.jpg\",\"width\":750,\"height\":750,\"caption\":\"Polaris Music Prize\"},\"image\":{\"@id\":\"https:\\\/\\\/polarismusicprize.ca\\\/#\\\/schema\\\/logo\\\/image\\\/\"},\"sameAs\":[\"https:\\\/\\\/www.facebook.com\\\/polarismusicprize\",\"https:\\\/\\\/x.com\\\/PolarisPrize\"]}]}<\/script>","yoast_head_json":{"title":"Longue Liste des albums Polaris pour 2026 - Polaris Music Prize","description":"A not-for-profit organization that honours, celebrates and rewards creativity and diversity in Canadian recorded music. Polaris recognizes and markets albums of the highest artistic integrity, without regard to musical genre, professional affiliation, or sales history.","robots":{"index":"index","follow":"follow","max-snippet":"max-snippet:-1","max-image-preview":"max-image-preview:large","max-video-preview":"max-video-preview:-1"},"canonical":"https:\/\/polarismusicprize.ca\/fr\/longue-liste\/","og_locale":"fr_FR","og_type":"article","og_title":"Longue Liste des albums Polaris pour 2026 - Polaris Music Prize","og_description":"A not-for-profit organization that honours, celebrates and rewards creativity and diversity in Canadian recorded music. Polaris recognizes and markets albums of the highest artistic integrity, without regard to musical genre, professional affiliation, or sales history.","og_url":"https:\/\/polarismusicprize.ca\/fr\/longue-liste\/","og_site_name":"Polaris Music Prize","article_publisher":"https:\/\/www.facebook.com\/polarismusicprize","article_modified_time":"2026-03-19T02:30:55+00:00","og_image":[{"width":1200,"height":292,"url":"https:\/\/polarismusicprize.ca\/wp-content\/uploads\/2026\/03\/Polaris-Album-Long-List-Logo-FR-BLK.png","type":"image\/png"}],"twitter_card":"summary_large_image","twitter_site":"@PolarisPrize","twitter_misc":{"Dur\u00e9e de lecture estim\u00e9e":"1 minute"},"schema":{"@context":"https:\/\/schema.org","@graph":[{"@type":"WebPage","@id":"https:\/\/polarismusicprize.ca\/fr\/longue-liste\/","url":"https:\/\/polarismusicprize.ca\/fr\/longue-liste\/","name":"Longue Liste des albums Polaris pour 2026 - Polaris Music Prize","isPartOf":{"@id":"https:\/\/polarismusicprize.ca\/#website"},"primaryImageOfPage":{"@id":"https:\/\/polarismusicprize.ca\/fr\/longue-liste\/#primaryimage"},"image":{"@id":"https:\/\/polarismusicprize.ca\/fr\/longue-liste\/#primaryimage"},"thumbnailUrl":"https:\/\/polarismusicprize.ca\/wp-content\/uploads\/2026\/03\/Polaris-Album-Long-List-Logo-FR-BLK-1024x249.png","datePublished":"2019-02-18T22:58:52+00:00","dateModified":"2026-03-19T02:30:55+00:00","description":"A not-for-profit organization that honours, celebrates and rewards creativity and diversity in Canadian recorded music. Polaris recognizes and markets albums of the highest artistic integrity, without regard to musical genre, professional affiliation, or sales history.","breadcrumb":{"@id":"https:\/\/polarismusicprize.ca\/fr\/longue-liste\/#breadcrumb"},"inLanguage":"fr-FR","potentialAction":[{"@type":"ReadAction","target":["https:\/\/polarismusicprize.ca\/fr\/longue-liste\/"]}]},{"@type":"ImageObject","inLanguage":"fr-FR","@id":"https:\/\/polarismusicprize.ca\/fr\/longue-liste\/#primaryimage","url":"https:\/\/polarismusicprize.ca\/wp-content\/uploads\/2026\/03\/Polaris-Album-Long-List-Logo-FR-BLK-1024x249.png","contentUrl":"https:\/\/polarismusicprize.ca\/wp-content\/uploads\/2026\/03\/Polaris-Album-Long-List-Logo-FR-BLK-1024x249.png"},{"@type":"BreadcrumbList","@id":"https:\/\/polarismusicprize.ca\/fr\/longue-liste\/#breadcrumb","itemListElement":[{"@type":"ListItem","position":1,"name":"Home","item":"https:\/\/polarismusicprize.ca\/fr\/"},{"@type":"ListItem","position":2,"name":"Longue Liste des albums Polaris pour 2026"}]},{"@type":"WebSite","@id":"https:\/\/polarismusicprize.ca\/#website","url":"https:\/\/polarismusicprize.ca\/","name":"Polaris Music Prize","description":"Discover, Discuss, Award: Celebrating Canadian Musical Artistry","publisher":{"@id":"https:\/\/polarismusicprize.ca\/#organization"},"potentialAction":[{"@type":"SearchAction","target":{"@type":"EntryPoint","urlTemplate":"https:\/\/polarismusicprize.ca\/?s={search_term_string}"},"query-input":{"@type":"PropertyValueSpecification","valueRequired":true,"valueName":"search_term_string"}}],"inLanguage":"fr-FR"},{"@type":"Organization","@id":"https:\/\/polarismusicprize.ca\/#organization","name":"Polaris Music Prize","url":"https:\/\/polarismusicprize.ca\/","logo":{"@type":"ImageObject","inLanguage":"fr-FR","@id":"https:\/\/polarismusicprize.ca\/#\/schema\/logo\/image\/","url":"https:\/\/polarismusicprize.ca\/wp-content\/uploads\/2014\/04\/logo-en.jpg","contentUrl":"https:\/\/polarismusicprize.ca\/wp-content\/uploads\/2014\/04\/logo-en.jpg","width":750,"height":750,"caption":"Polaris Music Prize"},"image":{"@id":"https:\/\/polarismusicprize.ca\/#\/schema\/logo\/image\/"},"sameAs":["https:\/\/www.facebook.com\/polarismusicprize","https:\/\/x.com\/PolarisPrize"]}]}},"_links":{"self":[{"href":"https:\/\/polarismusicprize.ca\/fr\/wp-json\/wp\/v2\/pages\/28350","targetHints":{"allow":["GET"]}}],"collection":[{"href":"https:\/\/polarismusicprize.ca\/fr\/wp-json\/wp\/v2\/pages"}],"about":[{"href":"https:\/\/polarismusicprize.ca\/fr\/wp-json\/wp\/v2\/types\/page"}],"author":[{"embeddable":true,"href":"https:\/\/polarismusicprize.ca\/fr\/wp-json\/wp\/v2\/users\/1"}],"replies":[{"embeddable":true,"href":"https:\/\/polarismusicprize.ca\/fr\/wp-json\/wp\/v2\/comments?post=28350"}],"version-history":[{"count":0,"href":"https:\/\/polarismusicprize.ca\/fr\/wp-json\/wp\/v2\/pages\/28350\/revisions"}],"wp:attachment":[{"href":"https:\/\/polarismusicprize.ca\/fr\/wp-json\/wp\/v2\/media?parent=28350"}],"curies":[{"name":"wp","href":"https:\/\/api.w.org\/{rel}","templated":true}]}}